{"id":81,"date":"2021-04-04T09:17:43","date_gmt":"2021-04-04T09:17:43","guid":{"rendered":"http:\/\/haisonco.vn\/?page_id=81"},"modified":"2025-03-02T20:22:24","modified_gmt":"2025-03-02T13:22:24","slug":"contact","status":"publish","type":"page","link":"https:\/\/haisonco.vn\/en\/contact\/","title":{"rendered":"Contact"},"content":{"rendered":"\t\t<div data-elementor-type=\"wp-page\" data-elementor-id=\"81\" class=\"elementor elementor-81\" data-elementor-post-type=\"page\">\n\t\t\t\t\t\t<section class=\"elementor-section elementor-top-section elementor-element elementor-element-941377c elementor-section-full_width elementor-section-height-default elementor-section-height-default\" data-id=\"941377c\" data-element_type=\"section\" data-settings=\"{&quot;background_background&quot;:&quot;classic&quot;}\">\n\t\t\t\t\t\t<div class=\"elementor-container elementor-column-gap-no\">\n\t\t\t\t\t<div class=\"aux-parallax-section elementor-column elementor-col-100 elementor-top-column elementor-element elementor-element-849d0b5\" data-id=\"849d0b5\" data-element_type=\"column\" data-settings=\"{&quot;background_background&quot;:&quot;classic&quot;}\">\n\t\t\t<div class=\"elementor-widget-wrap elementor-element-populated\">\n\t\t\t\t\t<div class=\"elementor-background-overlay\"><\/div>\n\t\t\t\t\t\t<section class=\"elementor-section elementor-inner-section elementor-element elementor-element-a2fc14c elementor-section-content-middle elementor-section-boxed elementor-section-height-default elementor-section-height-default\" data-id=\"a2fc14c\" data-element_type=\"section\" data-settings=\"{&quot;animation&quot;:&quot;none&quot;}\">\n\t\t\t\t\t\t<div class=\"elementor-container elementor-column-gap-no\">\n\t\t\t\t\t<div class=\"aux-parallax-section elementor-column elementor-col-50 elementor-inner-column elementor-element elementor-element-3b38b28\" data-id=\"3b38b28\" data-element_type=\"column\">\n\t\t\t<div class=\"elementor-widget-wrap elementor-element-populated\">\n\t\t\t\t\t\t<div class=\"elementor-element elementor-element-226f727 elementor-widget elementor-widget-aux_modern_heading\" data-id=\"226f727\" data-element_type=\"widget\" data-widget_type=\"aux_modern_heading.default\">\n\t\t\t\t<div class=\"elementor-widget-container\">\n\t\t\t<section class=\"aux-widget-modern-heading\">\n            <div class=\"aux-widget-inner\"><h4 class=\"aux-modern-heading-primary\">Li\u00ean h\u1ec7 H\u1ea2I S\u01a0N<\/h4><h2 class=\"aux-modern-heading-secondary\"><span class=\"aux-head-highlight\">T\u01b0 v\u1ea5n, b\u00e1o gi\u00e1 gi\u1ea3i ph\u00e1p cho c\u00e1c d\u1ef1 \u00e1n<\/span><\/h2><div class=\"aux-modern-heading-description\"><p>Qu\u00fd kh\u00e1ch c\u00f3 nhu c\u1ea7u h\u1ee3p t\u00e1c, vui l\u00f2ng \u0111\u1ec3 l\u1ea1i th\u00f4ng tin b\u1eb1ng bi\u1ec3u m\u1eabu ho\u1eb7c li\u00ean h\u1ec7 v\u1edbi ch\u00fang t\u00f4i qua Hotline 024-8888-9922<\/p><\/div><\/div>\n        <\/section>\t\t<\/div>\n\t\t\t\t<\/div>\n\t\t\t\t<div class=\"elementor-element elementor-element-b4eb23c elementor-widget elementor-widget-aux_modern_button\" data-id=\"b4eb23c\" data-element_type=\"widget\" data-widget_type=\"aux_modern_button.default\">\n\t\t\t\t<div class=\"elementor-widget-container\">\n\t\t\t    <div class=\"aux-modern-button-wrapper aux-modern-button-align-left\" >\n                    <a class=\"aux-modern-button aux-black aux-modern-button-md aux-modern-button-normal aux-modern-button-default aux-icon-right\" href=\"#\">\n                <div class=\"aux-overlay\"><\/div>\n                                    <div class=\"aux-icon \">\n                        <i aria-hidden=\"true\" class=\"auxicon2 auxicon2-arrow-thin-right\"><\/i>                    <\/div>\n                                <div class=\"aux-text\">\n<span class=\"aux-text-before\">Li\u00ean h\u1ec7 ngay<\/span>                <\/div>\n            <\/a>\n            \n    <\/div>\n\n    \t\t<\/div>\n\t\t\t\t<\/div>\n\t\t\t\t<div class=\"elementor-element elementor-element-01a3864 elementor-widget__width-auto elementor-widget elementor-widget-aux_text\" data-id=\"01a3864\" data-element_type=\"widget\" data-widget_type=\"aux_text.default\">\n\t\t\t\t<div class=\"elementor-widget-container\">\n\t\t\t<section class=\"widget-container aux-widget-text aux-parent-au6a1d11e0\">        <div class=\"aux-widget-advanced-text aux-wrap-style-simple aux-ico-pos-top aux-text-left aux-text-resp- aux-text-color-dark aux-text-widget-bg-center  \" >\n        \n                            <div class=\"aux-text-widget-header \"  >\n                        <div class=\"aux-ico-box aux-ico-large aux-ico-clear \">\n                                                                <svg xmlns=\"http:\/\/www.w3.org\/2000\/svg\" width=\"20.886\" height=\"26.178\" viewBox=\"0 0 20.886 26.178\"><path d=\"M59.369.007a10.446,10.446,0,0,0-9.881,12.42h0s.016.113.07.327a10.468,10.468,0,0,0,.7,2.072c1.047,2.48,3.467,6.629,8.9,11.143a.907.907,0,0,0,1.159,0c5.432-4.509,7.852-8.658,8.9-11.148a10.024,10.024,0,0,0,.7-2.072c.048-.209.07-.327.07-.327h0A10.449,10.449,0,0,0,59.369.007Zm.37,15.63a5.072,5.072,0,1,1,5.072-5.072A5.072,5.072,0,0,1,59.74,15.636Z\" transform=\"translate(-49.299 0)\" fill=\"#fff\" \/><\/svg>                                                    <\/div>\n                <\/div>\n            \n            <div class=\"aux-text-inner aux-text-widget-content\">\n                                <div class=\"widget-content\">\n                                        <p>\u0110\u1ecba ch\u1ec9: 107 Kh\u1ed1i 5, X\u00e3 Ph\u00f9 L\u1ed7, Huy\u1ec7n S\u00f3c S\u01a1n, Th\u00e0nh ph\u1ed1 H\u00e0 N\u1ed9i, Vi\u1ec7t Nam<\/p>                <\/div>\n                            <\/div>\n        <\/div>\n                    <div class=\"aux-text-widget-footer\">\n                <div class=\"aux-border-shape-none \">\n                                <\/div>\n            <\/div>\n        \n<\/section><!-- widget-container -->\t\t<\/div>\n\t\t\t\t<\/div>\n\t\t\t\t<div class=\"elementor-element elementor-element-38db061 elementor-widget__width-auto elementor-widget elementor-widget-aux_text\" data-id=\"38db061\" data-element_type=\"widget\" data-widget_type=\"aux_text.default\">\n\t\t\t\t<div class=\"elementor-widget-container\">\n\t\t\t<section class=\"widget-container aux-widget-text aux-parent-auefadff25\">        <div class=\"aux-widget-advanced-text aux-wrap-style-simple aux-ico-pos-top aux-text-left aux-text-resp- aux-text-color-dark aux-text-widget-bg-center  \" >\n        \n                            <div class=\"aux-text-widget-header \"  >\n                        <div class=\"aux-ico-box aux-ico-large aux-ico-clear \">\n                                                                <svg xmlns=\"http:\/\/www.w3.org\/2000\/svg\" width=\"29.135\" height=\"18.507\" viewBox=\"0 0 29.135 18.507\"><path d=\"M2.8,60.524q.553.315,3.333,1.873t4.26,2.4q.163.092.691.4t.878.5q.35.19.846.427a5.509,5.509,0,0,0,.935.354,3.129,3.129,0,0,0,.813.118h.033a3.132,3.132,0,0,0,.813-.118,5.515,5.515,0,0,0,.935-.354q.5-.237.845-.427t.878-.5q.528-.309.691-.4l7.609-4.272a7.157,7.157,0,0,0,1.983-1.617,3.044,3.044,0,0,0,.8-1.984,1.848,1.848,0,0,0-.772-1.485,2.839,2.839,0,0,0-1.829-.618H2.6A2.587,2.587,0,0,0,.675,55.5,2.334,2.334,0,0,0,0,57.212a2.77,2.77,0,0,0,.894,1.794A7.543,7.543,0,0,0,2.8,60.524Z\" transform=\"translate(0 -54.82)\" fill=\"#fff\" \/><path d=\"M27.509,185.581q-5.332,2.918-8.1,4.535-.927.552-1.5.861a10.256,10.256,0,0,1-1.536.631,5.632,5.632,0,0,1-1.788.322h-.033a5.634,5.634,0,0,1-1.788-.322,10.261,10.261,0,0,1-1.536-.631q-.577-.309-1.5-.861-2.195-1.3-8.08-4.535A8.378,8.378,0,0,1,0,184.437v10.436a1.854,1.854,0,0,0,.764,1.485,2.83,2.83,0,0,0,1.837.618H26.534a2.83,2.83,0,0,0,1.837-.618,1.854,1.854,0,0,0,.764-1.485V184.437A8.693,8.693,0,0,1,27.509,185.581Z\" transform=\"translate(0 -178.47)\" fill=\"#fff\" \/><\/svg>                                                    <\/div>\n                <\/div>\n            \n            <div class=\"aux-text-inner aux-text-widget-content\">\n                                <div class=\"widget-content\">\n                                        [H] 024 8888 9922<br \/>[W] haisonco.vn<br \/>[E] info@haisonco.vn<\/p>                <\/div>\n                            <\/div>\n        <\/div>\n                    <div class=\"aux-text-widget-footer\">\n                <div class=\"aux-border-shape-none \">\n                                <\/div>\n            <\/div>\n        \n<\/section><!-- widget-container -->\t\t<\/div>\n\t\t\t\t<\/div>\n\t\t\t\t\t<\/div>\n\t\t<\/div>\n\t\t\t\t<div class=\"aux-parallax-section elementor-column elementor-col-50 elementor-inner-column elementor-element elementor-element-3832285\" data-id=\"3832285\" data-element_type=\"column\" data-settings=\"{&quot;background_background&quot;:&quot;classic&quot;}\">\n\t\t\t<div class=\"elementor-widget-wrap elementor-element-populated\">\n\t\t\t\t\t\t<div class=\"elementor-element elementor-element-d20bb92 elementor-widget elementor-widget-aux_modern_heading\" data-id=\"d20bb92\" data-element_type=\"widget\" data-widget_type=\"aux_modern_heading.default\">\n\t\t\t\t<div class=\"elementor-widget-container\">\n\t\t\t<section class=\"aux-widget-modern-heading\">\n            <div class=\"aux-widget-inner\"><h2 class=\"aux-modern-heading-primary\">Bi\u1ec3u m\u1eabu \u0111\u0103ng k\u00fd<\/h2><\/div>\n        <\/section>\t\t<\/div>\n\t\t\t\t<\/div>\n\t\t\t\t<div class=\"elementor-element elementor-element-98ba6e4 elementor-widget elementor-widget-aux_contact_form\" data-id=\"98ba6e4\" data-element_type=\"widget\" data-widget_type=\"aux_contact_form.default\">\n\t\t\t\t<div class=\"elementor-widget-container\">\n\t\t\t<section class=\"widget-container aux-widget-contact-form aux-parent-audfc61119\">            <div class=\"aux-col-wrapper aux-no-gutter\">\n            <!-- @TODO - The output for element here -->\n\n            \n<div class=\"wpcf7 no-js\" id=\"wpcf7-f73-o1\" lang=\"en-US\" dir=\"ltr\" data-wpcf7-id=\"73\">\n<div class=\"screen-reader-response\"><p role=\"status\" aria-live=\"polite\" aria-atomic=\"true\"><\/p> <ul><\/ul><\/div>\n<form action=\"\/en\/wp-json\/wp\/v2\/pages\/81#wpcf7-f73-o1\" method=\"post\" class=\"wpcf7-form init\" aria-label=\"Contact form\" novalidate=\"novalidate\" data-status=\"init\">\n<fieldset class=\"hidden-fields-container\"><input type=\"hidden\" name=\"_wpcf7\" value=\"73\" \/><input type=\"hidden\" name=\"_wpcf7_version\" value=\"6.1.5\" \/><input type=\"hidden\" name=\"_wpcf7_locale\" value=\"en_US\" \/><input type=\"hidden\" name=\"_wpcf7_unit_tag\" value=\"wpcf7-f73-o1\" \/><input type=\"hidden\" name=\"_wpcf7_container_post\" value=\"0\" \/><input type=\"hidden\" name=\"_wpcf7_posted_data_hash\" value=\"\" \/><input type=\"hidden\" name=\"_wpcf7_recaptcha_response\" value=\"\" \/>\n<\/fieldset>\n<div class=\"aux-nextto\">\n\t<p><label> T\u00ean c\u1ee7a b\u1ea1n (*)<br \/>\n<span class=\"wpcf7-form-control-wrap\" data-name=\"yourname\"><input size=\"40\" maxlength=\"400\" class=\"wpcf7-form-control wpcf7-text wpcf7-validates-as-required\" aria-required=\"true\" aria-invalid=\"false\" placeholder=\"Ho\u1eb7c t\u00ean c\u00f4ng ty *\" value=\"\" type=\"text\" name=\"yourname\" \/><\/span> <\/label>\n\t<\/p>\n\t<p><label> Email li\u00ean h\u1ec7 (*)<br \/>\n<span class=\"wpcf7-form-control-wrap\" data-name=\"email\"><input size=\"40\" maxlength=\"400\" class=\"wpcf7-form-control wpcf7-email wpcf7-validates-as-required wpcf7-text wpcf7-validates-as-email\" aria-required=\"true\" aria-invalid=\"false\" placeholder=\"Email c\u1ee7a b\u1ea1n *\" value=\"\" type=\"email\" name=\"email\" \/><\/span> <\/label>\n\t<\/p>\n<\/div>\n<div class=\"aux-nextto\">\n\t<p><label> S\u1ed1 \u0111i\u1ec7n tho\u1ea1i (*)<br \/>\n<span class=\"wpcf7-form-control-wrap\" data-name=\"phone\"><input size=\"40\" maxlength=\"400\" class=\"wpcf7-form-control wpcf7-text wpcf7-validates-as-required\" aria-required=\"true\" aria-invalid=\"false\" placeholder=\"Phone*\" value=\"\" type=\"text\" name=\"phone\" \/><\/span> <\/label>\n\t<\/p>\n\t<p><label> Website (n\u1ebfu c\u00f3)<br \/>\n<span class=\"wpcf7-form-control-wrap\" data-name=\"website\"><input size=\"40\" maxlength=\"400\" class=\"wpcf7-form-control wpcf7-text wpcf7-validates-as-required\" aria-required=\"true\" aria-invalid=\"false\" placeholder=\"www.\" value=\"\" type=\"text\" name=\"website\" \/><\/span> <\/label>\n\t<\/p>\n<\/div>\n<p><label> Nhu c\u1ea7u c\u1ee7a Qu\u00fd kh\u00e1ch<br \/>\n<span class=\"wpcf7-form-control-wrap\" data-name=\"demand\"><textarea cols=\"40\" rows=\"10\" maxlength=\"2000\" class=\"wpcf7-form-control wpcf7-textarea wpcf7-validates-as-required\" aria-required=\"true\" aria-invalid=\"false\" placeholder=\"M\u00f4 t\u1ea3 nhu c\u1ea7u t\u1ea1i \u0111\u00e2y\" name=\"demand\"><\/textarea><\/span> <\/label>\n<\/p>\n<p><span class=\"wpcf7-form-control-wrap\" data-name=\"checkbox\"><span class=\"wpcf7-form-control wpcf7-checkbox wpcf7-validates-as-required\"><span class=\"wpcf7-list-item first last\"><label><input type=\"checkbox\" name=\"checkbox[]\" value=\"T\u00f4i \u0111\u1ed3ng \u00fd v\u1edbi c\u00e1c \u0111i\u1ec1u ki\u1ec7n v\u00e0 \u0111i\u1ec1u kho\u1ea3n\" \/><span class=\"wpcf7-list-item-label\">T\u00f4i \u0111\u1ed3ng \u00fd v\u1edbi c\u00e1c \u0111i\u1ec1u ki\u1ec7n v\u00e0 \u0111i\u1ec1u kho\u1ea3n<\/span><\/label><\/span><\/span><\/span>\n<\/p>\n<p><input class=\"wpcf7-form-control wpcf7-submit has-spinner\" type=\"submit\" value=\"G\u1eedi y\u00eau c\u1ea7u\" \/>\n<\/p><div class=\"wpcf7-response-output\" aria-hidden=\"true\"><\/div>\n<\/form>\n<\/div>\n\n\n            <\/div><!-- aux-col-wrapper -->\n    <\/section><!-- widget-container -->\t\t<\/div>\n\t\t\t\t<\/div>\n\t\t\t\t\t<\/div>\n\t\t<\/div>\n\t\t\t\t\t<\/div>\n\t\t<\/section>\n\t\t\t\t\t<\/div>\n\t\t<\/div>\n\t\t\t\t\t<\/div>\n\t\t<\/section>\n\t\t\t\t<\/div>\n\t\t","protected":false},"excerpt":{"rendered":"<p>If you are interested in cooperation, please leave your information via the form or contact us through the Hotline 024-8888-9922.<\/p>","protected":false},"author":1,"featured_media":0,"parent":0,"menu_order":0,"comment_status":"closed","ping_status":"closed","template":"templates\/page-builder-content.php","meta":{"footnotes":""},"class_list":["post-81","page","type-page","status-publish","hentry"],"yoast_head":"<!-- This site is optimized with the Yoast SEO Premium plugin v25.7 (Yoast SEO v25.7) - https:\/\/yoast.com\/wordpress\/plugins\/seo\/ -->\n<title>Li\u00ean h\u1ec7 - CTY TNHH Th\u01b0\u01a1ng m\u1ea1i &amp; Xu\u1ea5t nh\u1eadp kh\u1ea9u H\u1ea3i S\u01a1n<\/title>\n<meta name=\"robots\" content=\"index, follow, max-snippet:-1, max-image-preview:large, max-video-preview:-1\" \/>\n<link rel=\"canonical\" href=\"https:\/\/haisonco.vn\/en\/contact\/\" \/>\n<meta property=\"og:locale\" content=\"en_US\" \/>\n<meta property=\"og:type\" content=\"article\" \/>\n<meta property=\"og:title\" content=\"Li\u00ean h\u1ec7\" \/>\n<meta property=\"og:description\" content=\"Qu\u00fd kh\u00e1ch c\u00f3 nhu c\u1ea7u h\u1ee3p t\u00e1c, vui l\u00f2ng \u0111\u1ec3 l\u1ea1i th\u00f4ng tin b\u1eb1ng bi\u1ec3u m\u1eabu ho\u1eb7c li\u00ean h\u1ec7 v\u1edbi ch\u00fang t\u00f4i qua Hotline 024-8888-9922\" \/>\n<meta property=\"og:url\" content=\"https:\/\/haisonco.vn\/en\/contact\/\" \/>\n<meta property=\"og:site_name\" content=\"CTY TNHH Th\u01b0\u01a1ng m\u1ea1i &amp; Xu\u1ea5t nh\u1eadp kh\u1ea9u H\u1ea3i S\u01a1n\" \/>\n<meta property=\"article:modified_time\" content=\"2025-03-02T13:22:24+00:00\" \/>\n<meta name=\"twitter:card\" content=\"summary_large_image\" \/>\n<meta name=\"twitter:label1\" content=\"Est. reading time\" \/>\n\t<meta name=\"twitter:data1\" content=\"1 minute\" \/>\n<script type=\"application\/ld+json\" class=\"yoast-schema-graph\">{\"@context\":\"https:\/\/schema.org\",\"@graph\":[{\"@type\":\"WebPage\",\"@id\":\"https:\/\/haisonco.vn\/contact\/\",\"url\":\"https:\/\/haisonco.vn\/contact\/\",\"name\":\"Li\u00ean h\u1ec7 - CTY TNHH Th\u01b0\u01a1ng m\u1ea1i &amp; Xu\u1ea5t nh\u1eadp kh\u1ea9u H\u1ea3i S\u01a1n\",\"isPartOf\":{\"@id\":\"https:\/\/haisonco.vn\/#website\"},\"datePublished\":\"2021-04-04T09:17:43+00:00\",\"dateModified\":\"2025-03-02T13:22:24+00:00\",\"breadcrumb\":{\"@id\":\"https:\/\/haisonco.vn\/contact\/#breadcrumb\"},\"inLanguage\":\"en-US\",\"potentialAction\":[{\"@type\":\"ReadAction\",\"target\":[\"https:\/\/haisonco.vn\/contact\/\"]}]},{\"@type\":\"BreadcrumbList\",\"@id\":\"https:\/\/haisonco.vn\/contact\/#breadcrumb\",\"itemListElement\":[{\"@type\":\"ListItem\",\"position\":1,\"name\":\"Home\",\"item\":\"https:\/\/haisonco.vn\/\"},{\"@type\":\"ListItem\",\"position\":2,\"name\":\"Li\u00ean h\u1ec7\"}]},{\"@type\":\"WebSite\",\"@id\":\"https:\/\/haisonco.vn\/#website\",\"url\":\"https:\/\/haisonco.vn\/\",\"name\":\"CTY TNHH Th\u01b0\u01a1ng m\u1ea1i &amp; Xu\u1ea5t nh\u1eadp kh\u1ea9u H\u1ea3i S\u01a1n\",\"description\":\"\",\"publisher\":{\"@id\":\"https:\/\/haisonco.vn\/#organization\"},\"potentialAction\":[{\"@type\":\"SearchAction\",\"target\":{\"@type\":\"EntryPoint\",\"urlTemplate\":\"https:\/\/haisonco.vn\/?s={search_term_string}\"},\"query-input\":{\"@type\":\"PropertyValueSpecification\",\"valueRequired\":true,\"valueName\":\"search_term_string\"}}],\"inLanguage\":\"en-US\"},{\"@type\":\"Organization\",\"@id\":\"https:\/\/haisonco.vn\/#organization\",\"name\":\"CTY TNHH Th\u01b0\u01a1ng m\u1ea1i &amp; Xu\u1ea5t nh\u1eadp kh\u1ea9u H\u1ea3i S\u01a1n\",\"url\":\"https:\/\/haisonco.vn\/\",\"logo\":{\"@type\":\"ImageObject\",\"inLanguage\":\"en-US\",\"@id\":\"https:\/\/haisonco.vn\/#\/schema\/logo\/image\/\",\"url\":\"https:\/\/haisonco.vn\/wp-content\/uploads\/2024\/01\/haisonco-logo-2023.png\",\"contentUrl\":\"https:\/\/haisonco.vn\/wp-content\/uploads\/2024\/01\/haisonco-logo-2023.png\",\"width\":200,\"height\":69,\"caption\":\"CTY TNHH Th\u01b0\u01a1ng m\u1ea1i &amp; Xu\u1ea5t nh\u1eadp kh\u1ea9u H\u1ea3i S\u01a1n\"},\"image\":{\"@id\":\"https:\/\/haisonco.vn\/#\/schema\/logo\/image\/\"}}]}<\/script>\n<!-- \/ Yoast SEO Premium plugin. -->","yoast_head_json":{"title":"Li\u00ean h\u1ec7 - CTY TNHH Th\u01b0\u01a1ng m\u1ea1i &amp; Xu\u1ea5t nh\u1eadp kh\u1ea9u H\u1ea3i S\u01a1n","robots":{"index":"index","follow":"follow","max-snippet":"max-snippet:-1","max-image-preview":"max-image-preview:large","max-video-preview":"max-video-preview:-1"},"canonical":"https:\/\/haisonco.vn\/en\/contact\/","og_locale":"en_US","og_type":"article","og_title":"Li\u00ean h\u1ec7","og_description":"Qu\u00fd kh\u00e1ch c\u00f3 nhu c\u1ea7u h\u1ee3p t\u00e1c, vui l\u00f2ng \u0111\u1ec3 l\u1ea1i th\u00f4ng tin b\u1eb1ng bi\u1ec3u m\u1eabu ho\u1eb7c li\u00ean h\u1ec7 v\u1edbi ch\u00fang t\u00f4i qua Hotline 024-8888-9922","og_url":"https:\/\/haisonco.vn\/en\/contact\/","og_site_name":"CTY TNHH Th\u01b0\u01a1ng m\u1ea1i &amp; Xu\u1ea5t nh\u1eadp kh\u1ea9u H\u1ea3i S\u01a1n","article_modified_time":"2025-03-02T13:22:24+00:00","twitter_card":"summary_large_image","twitter_misc":{"Est. reading time":"1 minute"},"schema":{"@context":"https:\/\/schema.org","@graph":[{"@type":"WebPage","@id":"https:\/\/haisonco.vn\/contact\/","url":"https:\/\/haisonco.vn\/contact\/","name":"Li\u00ean h\u1ec7 - CTY TNHH Th\u01b0\u01a1ng m\u1ea1i &amp; Xu\u1ea5t nh\u1eadp kh\u1ea9u H\u1ea3i S\u01a1n","isPartOf":{"@id":"https:\/\/haisonco.vn\/#website"},"datePublished":"2021-04-04T09:17:43+00:00","dateModified":"2025-03-02T13:22:24+00:00","breadcrumb":{"@id":"https:\/\/haisonco.vn\/contact\/#breadcrumb"},"inLanguage":"en-US","potentialAction":[{"@type":"ReadAction","target":["https:\/\/haisonco.vn\/contact\/"]}]},{"@type":"BreadcrumbList","@id":"https:\/\/haisonco.vn\/contact\/#breadcrumb","itemListElement":[{"@type":"ListItem","position":1,"name":"Home","item":"https:\/\/haisonco.vn\/"},{"@type":"ListItem","position":2,"name":"Li\u00ean h\u1ec7"}]},{"@type":"WebSite","@id":"https:\/\/haisonco.vn\/#website","url":"https:\/\/haisonco.vn\/","name":"HAI SON Import Export &amp; Trading Co.Ltd,","description":"","publisher":{"@id":"https:\/\/haisonco.vn\/#organization"},"potentialAction":[{"@type":"SearchAction","target":{"@type":"EntryPoint","urlTemplate":"https:\/\/haisonco.vn\/?s={search_term_string}"},"query-input":{"@type":"PropertyValueSpecification","valueRequired":true,"valueName":"search_term_string"}}],"inLanguage":"en-US"},{"@type":"Organization","@id":"https:\/\/haisonco.vn\/#organization","name":"HAI SON Import Export &amp; Trading Co.Ltd,","url":"https:\/\/haisonco.vn\/","logo":{"@type":"ImageObject","inLanguage":"en-US","@id":"https:\/\/haisonco.vn\/#\/schema\/logo\/image\/","url":"https:\/\/haisonco.vn\/wp-content\/uploads\/2024\/01\/haisonco-logo-2023.png","contentUrl":"https:\/\/haisonco.vn\/wp-content\/uploads\/2024\/01\/haisonco-logo-2023.png","width":200,"height":69,"caption":"CTY TNHH Th\u01b0\u01a1ng m\u1ea1i &amp; Xu\u1ea5t nh\u1eadp kh\u1ea9u H\u1ea3i S\u01a1n"},"image":{"@id":"https:\/\/haisonco.vn\/#\/schema\/logo\/image\/"}}]}},"_links":{"self":[{"href":"https:\/\/haisonco.vn\/en\/wp-json\/wp\/v2\/pages\/81","targetHints":{"allow":["GET"]}}],"collection":[{"href":"https:\/\/haisonco.vn\/en\/wp-json\/wp\/v2\/pages"}],"about":[{"href":"https:\/\/haisonco.vn\/en\/wp-json\/wp\/v2\/types\/page"}],"author":[{"embeddable":true,"href":"https:\/\/haisonco.vn\/en\/wp-json\/wp\/v2\/users\/1"}],"replies":[{"embeddable":true,"href":"https:\/\/haisonco.vn\/en\/wp-json\/wp\/v2\/comments?post=81"}],"version-history":[{"count":0,"href":"https:\/\/haisonco.vn\/en\/wp-json\/wp\/v2\/pages\/81\/revisions"}],"wp:attachment":[{"href":"https:\/\/haisonco.vn\/en\/wp-json\/wp\/v2\/media?parent=81"}],"curies":[{"name":"wp","href":"https:\/\/api.w.org\/{rel}","templated":true}]}}